{"id":208,"date":"2023-11-05T13:22:43","date_gmt":"2023-11-05T13:22:43","guid":{"rendered":"https:\/\/inannajustice.com\/?page_id=208"},"modified":"2025-09-08T13:33:56","modified_gmt":"2025-09-08T11:33:56","slug":"the-justice-room","status":"publish","type":"page","link":"https:\/\/inannajustice.com\/en\/the-justice-room\/","title":{"rendered":"The Justice Room: a BDSM dungeon in my image"},"content":{"rendered":"<style>.kb-image208_292fcb-17 .kb-image-has-overlay:after{opacity:0.3;}<\/style>\n<figure class=\"wp-block-kadence-image kb-image208_292fcb-17 alignfull size-large\"><img decoding=\"async\" width=\"683\" height=\"1024\" data-src=\"https:\/\/inannajustice.com\/wp-content\/uploads\/2024\/01\/INANNA-janvier-2024-69-683x1024.jpg\" alt=\"\" class=\"kb-img wp-image-9861 lazyload\" data-srcset=\"https:\/\/inannajustice.com\/wp-content\/uploads\/2024\/01\/INANNA-janvier-2024-69-683x1024.jpg 683w, https:\/\/inannajustice.com\/wp-content\/uploads\/2024\/01\/INANNA-janvier-2024-69-200x300.jpg 200w, https:\/\/inannajustice.com\/wp-content\/uploads\/2024\/01\/INANNA-janvier-2024-69-768x1152.jpg 768w, https:\/\/inannajustice.com\/wp-content\/uploads\/2024\/01\/INANNA-janvier-2024-69-1024x1536.jpg 1024w, https:\/\/inannajustice.com\/wp-content\/uploads\/2024\/01\/INANNA-janvier-2024-69-1365x2048.jpg 1365w, https:\/\/inannajustice.com\/wp-content\/uploads\/2024\/01\/INANNA-janvier-2024-69-8x12.jpg 8w, https:\/\/inannajustice.com\/wp-content\/uploads\/2024\/01\/INANNA-janvier-2024-69-scaled.jpg 1707w\" data-sizes=\"(max-width: 683px) 100vw, 683px\" src=\"data:image\/svg+xml;base64,PHN2ZyB3aWR0aD0iMSIgaGVpZ2h0PSIxIiB4bWxucz0iaHR0cDovL3d3dy53My5vcmcvMjAwMC9zdmciPjwvc3ZnPg==\" style=\"--smush-placeholder-width: 683px; --smush-placeholder-aspect-ratio: 683\/1024;\" \/><\/figure>\n\n\n<style>.wp-block-kadence-advancedheading.kt-adv-heading208_9dd5b8-03, .wp-block-kadence-advancedheading.kt-adv-heading208_9dd5b8-03[data-kb-block=\"kb-adv-heading208_9dd5b8-03\"]{font-style:normal;}.wp-block-kadence-advancedheading.kt-adv-heading208_9dd5b8-03 mark.kt-highlight, .wp-block-kadence-advancedheading.kt-adv-heading208_9dd5b8-03[data-kb-block=\"kb-adv-heading208_9dd5b8-03\"] mark.kt-highlight{font-style:normal;color:#f76a0c;-webkit-box-decoration-break:clone;box-decoration-break:clone;padding-top:0px;padding-right:0px;padding-bottom:0px;padding-left:0px;}.wp-block-kadence-advancedheading.kt-adv-heading208_9dd5b8-03 img.kb-inline-image, .wp-block-kadence-advancedheading.kt-adv-heading208_9dd5b8-03[data-kb-block=\"kb-adv-heading208_9dd5b8-03\"] img.kb-inline-image{width:150px;vertical-align:baseline;}<\/style>\n<h2 class=\"kt-adv-heading208_9dd5b8-03 wp-block-kadence-advancedheading\" data-kb-block=\"kb-adv-heading208_9dd5b8-03\"><strong>Je re\u00e7ois dans un donjon parisien de 40m2 d\u00e9di\u00e9 aux jeux BDSM.<\/strong><\/h2>\n\n\n\n<p>Il y a deux pi\u00e8ces dans mon donjon : une salle d\u00e9di\u00e9e aux jeux BDSM classiques, une deuxi\u00e8me pour le service domestique et les <a href=\"https:\/\/inannajustice.com\/mes-evenements-bdsm-paris\/\" data-type=\"page\" data-id=\"9931\">\u00e9v\u00e9nements que j\u2019organise<\/a>.&nbsp;<\/p>\n\n\n\n<ul class=\"wp-block-list\">\n<li>Croix de Saint-Andr\u00e9<\/li>\n\n\n\n<li>Pilori<\/li>\n\n\n\n<li>Table m\u00e9dicale<\/li>\n\n\n\n<li>Banc \u00e0 fess\u00e9e<\/li>\n\n\n\n<li>Cage<\/li>\n\n\n\n<li>Poutres en bambou<\/li>\n\n\n\n<li>Table du bondage<\/li>\n\n\n\n<li>Balan\u00e7oire \/ sex swing<\/li>\n\n\n\n<li>Harnais de suspension<\/li>\n\n\n\n<li>Fucking machine, godes, plugs\u2026<\/li>\n\n\n\n<li>MyStim, E-stim, Violet Wand (electro-stimulation)<\/li>\n\n\n\n<li>Sondes et sondes \u00e9lectriques<\/li>\n\n\n\n<li>Camisoles de force<\/li>\n\n\n\n<li>Attaches en cuir, similicuir<\/li>\n\n\n\n<li>Cordes<\/li>\n\n\n\n<li>Menottes en cuir, m\u00e9tal<\/li>\n\n\n\n<li>Colliers \/ laisses<\/li>\n\n\n\n<li>Body bag (sac int\u00e9gral en cuir)<\/li>\n\n\n\n<li>Cellophane, bondage tape<\/li>\n\n\n\n<li>Fouets, martinets, cannes, paddles\u2026 pour les jeux d\u2019impacts.<\/li>\n\n\n\n<li>Pinces, poids, parachutes, cages de chastet\u00e9\u2026 pour vous rendre docile.<\/li>\n\n\n\n<li>Cagoules, bandeaux, sacs int\u00e9gral\u2026 pour la <strong>privation sensorielle<\/strong><\/li>\n\n\n\n<li>Une garde-robe pour ceux qui ont envie d\u2019explorer d\u2019autres identit\u00e9s : &nbsp; perruques, bottes, escarpins, robes, corsets, et bien plus\u2026<\/li>\n\n\n\n<li>Pour le <strong>pet play<\/strong> : cagoules, queues, gamelles\u2026<\/li>\n<\/ul>\n\n\n\n<blockquote class=\"wp-block-quote is-layout-flow wp-block-quote-is-layout-flow\">\n<p class=\"has-text-align-center has-theme-palette-3-color has-text-color has-large-font-size\"><strong>Tout est d\u00e9sinfect\u00e9 \/ st\u00e9rilis\u00e9 avant ET apr\u00e8s chaque usage.<\/strong><\/p>\n<\/blockquote>\n","protected":false},"excerpt":{"rendered":"<p>I entertain in a 40m2 Parisian dungeon dedicated to BDSM play. There are two rooms in my dungeon: one dedicated to classic BDSM games, a second for domestic service and the events I organize.  Everything is disinfected \/ sterilized before AND after each use.<\/p>","protected":false},"author":2,"featured_media":430,"parent":0,"menu_order":3,"comment_status":"closed","ping_status":"closed","template":"","meta":{"_kadence_starter_templates_imported_post":false,"_kad_post_transparent":"","_kad_post_title":"","_kad_post_layout":"","_kad_post_sidebar_id":"","_kad_post_content_style":"","_kad_post_vertical_padding":"","_kad_post_feature":"","_kad_post_feature_position":"","_kad_post_header":false,"_kad_post_footer":false,"_kad_post_classname":"","footnotes":""},"class_list":["post-208","page","type-page","status-publish","has-post-thumbnail","hentry"],"_links":{"self":[{"href":"https:\/\/inannajustice.com\/en\/wp-json\/wp\/v2\/pages\/208","targetHints":{"allow":["GET"]}}],"collection":[{"href":"https:\/\/inannajustice.com\/en\/wp-json\/wp\/v2\/pages"}],"about":[{"href":"https:\/\/inannajustice.com\/en\/wp-json\/wp\/v2\/types\/page"}],"author":[{"embeddable":true,"href":"https:\/\/inannajustice.com\/en\/wp-json\/wp\/v2\/users\/2"}],"replies":[{"embeddable":true,"href":"https:\/\/inannajustice.com\/en\/wp-json\/wp\/v2\/comments?post=208"}],"version-history":[{"count":5,"href":"https:\/\/inannajustice.com\/en\/wp-json\/wp\/v2\/pages\/208\/revisions"}],"predecessor-version":[{"id":10437,"href":"https:\/\/inannajustice.com\/en\/wp-json\/wp\/v2\/pages\/208\/revisions\/10437"}],"wp:featuredmedia":[{"embeddable":true,"href":"https:\/\/inannajustice.com\/en\/wp-json\/wp\/v2\/media\/430"}],"wp:attachment":[{"href":"https:\/\/inannajustice.com\/en\/wp-json\/wp\/v2\/media?parent=208"}],"curies":[{"name":"wp","href":"https:\/\/api.w.org\/{rel}","templated":true}]}}