{"id":10569,"date":"2026-03-08T14:37:15","date_gmt":"2026-03-08T13:37:15","guid":{"rendered":"https:\/\/inannajustice.com\/?page_id=10569"},"modified":"2026-04-25T07:33:38","modified_gmt":"2026-04-25T05:33:38","slug":"films","status":"publish","type":"page","link":"https:\/\/inannajustice.com\/en\/films\/","title":{"rendered":"BDSM Films &amp; Documentaries"},"content":{"rendered":"\n<p>Au-del\u00e0 de son activit\u00e9 de dominatrice professionnelle, Inanna Justice est une r\u00e9alisatrice et cr\u00e9atrice de vid\u00e9os dont les \u0153uvres explorent la culture BDSM, la communaut\u00e9 et la sensibilisation \u00e0 ce sujet. Ses productions vont du long m\u00e9trage documentaire aux courts m\u00e9trages, en passant par une s\u00e9rie \u00e9ducative en fran\u00e7ais actuellement en cours de r\u00e9alisation (Kink Basics). <\/p>\n\n\n\n<p>Cette page rassemble des projets pr\u00e9sent\u00e9s en festivals, m\u00ealant narration, exp\u00e9rimentation visuelle et moments intimes. Chaque film ouvre une fen\u00eatre sur des univers rarement montr\u00e9s \u00e0 l\u2019\u00e9cran, en interrogeant le rituel, l\u2019autorit\u00e9, l\u2019identit\u00e9 et l\u2019esth\u00e9tique du kink avec curiosit\u00e9 et sens artistique.<\/p>\n\n\n\n<p>Inanna produit aussi du contenu style \u00ab\u00a0session clips,\u00a0\u00bb disponibles sur <a href=\"https:\/\/www.loyalfans.com\/inannajustice\" target=\"_blank\" rel=\"noopener\">LoyalFans<\/a> et <a href=\"https:\/\/www.clips4sale.com\/studio\/432785\/inannajustice\" target=\"_blank\" rel=\"noopener\">Clips4Sale<\/a>. <br><\/p>\n\n\n\n<div class=\"wp-block-media-text alignwide is-stacked-on-mobile\"><figure class=\"wp-block-media-text__media\"><video controls src=\"https:\/\/inannajustice.com\/wp-content\/uploads\/2026\/03\/HOAD-TRAILERS-V2_1.mp4\"><\/video><\/figure><div class=\"wp-block-media-text__content\"><style>.wp-block-kadence-advancedheading.kt-adv-heading10569_fa6269-54, .wp-block-kadence-advancedheading.kt-adv-heading10569_fa6269-54[data-kb-block=\"kb-adv-heading10569_fa6269-54\"]{font-size:var(--global-kb-font-size-md, 1.25rem);font-style:normal;}.wp-block-kadence-advancedheading.kt-adv-heading10569_fa6269-54 mark.kt-highlight, .wp-block-kadence-advancedheading.kt-adv-heading10569_fa6269-54[data-kb-block=\"kb-adv-heading10569_fa6269-54\"] mark.kt-highlight{font-style:normal;color:#f76a0c;-webkit-box-decoration-break:clone;box-decoration-break:clone;padding-top:0px;padding-right:0px;padding-bottom:0px;padding-left:0px;}.wp-block-kadence-advancedheading.kt-adv-heading10569_fa6269-54 img.kb-inline-image, .wp-block-kadence-advancedheading.kt-adv-heading10569_fa6269-54[data-kb-block=\"kb-adv-heading10569_fa6269-54\"] img.kb-inline-image{width:150px;vertical-align:baseline;}<\/style>\n<h2 class=\"kt-adv-heading10569_fa6269-54 wp-block-kadence-advancedheading\" data-kb-block=\"kb-adv-heading10569_fa6269-54\"><strong>THE HEART OF A DOMINATRIX<\/strong>&nbsp;<em>(Documentaire, 57 min \u2014 2026)<\/em><\/h2>\n\n\n\n<p>Command\u00e9 par PlayboyTV Europe,&nbsp;<em>The Heart of a Dominatrix<\/em>&nbsp;est un documentaire de 57 minutes qui explore l&rsquo;\u00e2me de la communaut\u00e9 BDSM \u00e0 travers le parcours personnel d&rsquo;Inanna Justice et son travail plus g\u00e9n\u00e9ral en tant qu&rsquo;\u00e9ducatrice et organisatrice d&rsquo;\u00e9v\u00e9nements. Le film pr\u00e9sente des entretiens avec Rachel Rampage, Midori, Peter Cage, Alexandra Balance, Lady Vyra et Amaury, abordant les th\u00e8mes de l&rsquo;\u00e9change de pouvoir, de l&rsquo;\u00e9ducation et de la construction communautaire.<\/p>\n\n\n\n<p>Prim\u00e9 dans 22 festivals autour du monde (actualis\u00e9 Avril 2026)<\/p>\n\n\n\n<p>Disponible en t\u00e9l\u00e9chargement sur <a href=\"https:\/\/jinklabcreation.com\/films\/\" target=\"_blank\" rel=\"noopener\">JinkLabCreation.com<\/a>&nbsp;et en location sur Muvi.com <em>(Anglais avec sous-titres anglais \/ Anglais avec sous-titres fran\u00e7ais)<\/em><\/p>\n<\/div><\/div>\n\n\n\n<div class=\"wp-block-media-text alignwide is-stacked-on-mobile\"><figure class=\"wp-block-media-text__media\"><video controls src=\"https:\/\/inannajustice.com\/wp-content\/uploads\/2026\/03\/Teaser-Taste-like-Chicken.mp4\"><\/video><\/figure><div class=\"wp-block-media-text__content\"><style>.wp-block-kadence-advancedheading.kt-adv-heading10569_290a8a-a1, .wp-block-kadence-advancedheading.kt-adv-heading10569_290a8a-a1[data-kb-block=\"kb-adv-heading10569_290a8a-a1\"]{font-size:var(--global-kb-font-size-md, 1.25rem);font-style:normal;}.wp-block-kadence-advancedheading.kt-adv-heading10569_290a8a-a1 mark.kt-highlight, .wp-block-kadence-advancedheading.kt-adv-heading10569_290a8a-a1[data-kb-block=\"kb-adv-heading10569_290a8a-a1\"] mark.kt-highlight{font-style:normal;color:#f76a0c;-webkit-box-decoration-break:clone;box-decoration-break:clone;padding-top:0px;padding-right:0px;padding-bottom:0px;padding-left:0px;}.wp-block-kadence-advancedheading.kt-adv-heading10569_290a8a-a1 img.kb-inline-image, .wp-block-kadence-advancedheading.kt-adv-heading10569_290a8a-a1[data-kb-block=\"kb-adv-heading10569_290a8a-a1\"] img.kb-inline-image{width:150px;vertical-align:baseline;}<\/style>\n<h2 class=\"kt-adv-heading10569_290a8a-a1 wp-block-kadence-advancedheading\" data-kb-block=\"kb-adv-heading10569_290a8a-a1\"><strong>TASTES LIKE CHICKEN<\/strong> <em>(court m\u00e9trage, 6 min &#8211; 2025) <\/em><\/h2>\n\n\n\n<p>Dans ce court-m\u00e9trage sombre et espi\u00e8gle, Inanna Justice pr\u00e9pare le d\u00eener \u2013 ainsi que son soumis \u2013 pour un festin succulent, alors que la fronti\u00e8re entre la cuisini\u00e8re et l&rsquo;ingr\u00e9dient devient dangereusement t\u00e9nue.<\/p>\n\n\n\n<p>Prim\u00e9 dans 15 festivals autour du monde (actualis\u00e9 Avril 2026).<\/p>\n\n\n\n<p>Disponible en t\u00e9l\u00e9chargement sur <a href=\"https:\/\/jinklabcreation.com\/films\/\" target=\"_blank\" rel=\"noopener\">JinkLabCreation.com<\/a>&nbsp;et en location sur Muvi.com <em>(pas de paroles)<\/em><\/p>\n<\/div><\/div>\n\n\n\n<div class=\"wp-block-media-text alignwide is-stacked-on-mobile\"><figure class=\"wp-block-media-text__media\"><video controls src=\"https:\/\/inannajustice.com\/wp-content\/uploads\/2026\/03\/TEASER_2.mp4\"><\/video><\/figure><div class=\"wp-block-media-text__content\"><style>.wp-block-kadence-advancedheading.kt-adv-heading10569_86614a-fc, .wp-block-kadence-advancedheading.kt-adv-heading10569_86614a-fc[data-kb-block=\"kb-adv-heading10569_86614a-fc\"]{font-size:var(--global-kb-font-size-md, 1.25rem);font-style:normal;}.wp-block-kadence-advancedheading.kt-adv-heading10569_86614a-fc mark.kt-highlight, .wp-block-kadence-advancedheading.kt-adv-heading10569_86614a-fc[data-kb-block=\"kb-adv-heading10569_86614a-fc\"] mark.kt-highlight{font-style:normal;color:#f76a0c;-webkit-box-decoration-break:clone;box-decoration-break:clone;padding-top:0px;padding-right:0px;padding-bottom:0px;padding-left:0px;}.wp-block-kadence-advancedheading.kt-adv-heading10569_86614a-fc img.kb-inline-image, .wp-block-kadence-advancedheading.kt-adv-heading10569_86614a-fc[data-kb-block=\"kb-adv-heading10569_86614a-fc\"] img.kb-inline-image{width:150px;vertical-align:baseline;}<\/style>\n<h2 class=\"kt-adv-heading10569_86614a-fc wp-block-kadence-advancedheading\" data-kb-block=\"kb-adv-heading10569_86614a-fc\"><strong>THE HOUSE: A BDSM MUSICAL<\/strong> <em>(court m\u00e9trage, 14 min &#8211; 2025) <\/em><\/h2>\n\n\n\n<p>Quelque part dans la campagne fran\u00e7aise se trouve une maison myst\u00e9rieuse o\u00f9 vivent deux dominatrices exigeantes, Madame Lule et Inanna Justice, accompagn\u00e9es de leurs soumis. Venez faire une visite musicale de ce lieu magique.<\/p>\n\n\n\n<p>Prim\u00e9 dans 12 festivals autour du monde (actualis\u00e9 Avril 2026).<\/p>\n\n\n\n<p>Disponible en t\u00e9l\u00e9chargement sur <a href=\"https:\/\/jinklabcreation.com\/films\/\" target=\"_blank\" rel=\"noopener\">JinkLabCreation.com<\/a>&nbsp;et en location sur Muvi.com <em>(Anglais avec sous-titres anglais \/ Anglais avec sous-titres fran\u00e7ais)<\/em><\/p>\n<\/div><\/div>\n\n\n\n<div class=\"wp-block-media-text alignwide is-stacked-on-mobile\"><figure class=\"wp-block-media-text__media\"><video controls src=\"https:\/\/inannajustice.com\/wp-content\/uploads\/2026\/03\/BA-RITUEL-V2-VF_1.mp4\"><\/video><\/figure><div class=\"wp-block-media-text__content\"><style>.wp-block-kadence-advancedheading.kt-adv-heading10569_cc23f7-df, .wp-block-kadence-advancedheading.kt-adv-heading10569_cc23f7-df[data-kb-block=\"kb-adv-heading10569_cc23f7-df\"]{font-size:var(--global-kb-font-size-md, 1.25rem);font-style:normal;}.wp-block-kadence-advancedheading.kt-adv-heading10569_cc23f7-df mark.kt-highlight, .wp-block-kadence-advancedheading.kt-adv-heading10569_cc23f7-df[data-kb-block=\"kb-adv-heading10569_cc23f7-df\"] mark.kt-highlight{font-style:normal;color:#f76a0c;-webkit-box-decoration-break:clone;box-decoration-break:clone;padding-top:0px;padding-right:0px;padding-bottom:0px;padding-left:0px;}.wp-block-kadence-advancedheading.kt-adv-heading10569_cc23f7-df img.kb-inline-image, .wp-block-kadence-advancedheading.kt-adv-heading10569_cc23f7-df[data-kb-block=\"kb-adv-heading10569_cc23f7-df\"] img.kb-inline-image{width:150px;vertical-align:baseline;}<\/style>\n<h2 class=\"kt-adv-heading10569_cc23f7-df wp-block-kadence-advancedheading\" data-kb-block=\"kb-adv-heading10569_cc23f7-df\"><strong>LE RITUEL<\/strong> <em>(court m\u00e9trage, 6 min &#8211; 2024) <\/em><\/h2>\n\n\n\n<p>Dans un futur proche o\u00f9 le monde a sombr\u00e9 dans le d\u00e9sespoir, les jeunes couples ne se marient plus. \u00c0 quoi bon ? Pour prouver leur amour, nus comme au premier jour, coiff\u00e9s d\u2019une cagoule et portant un collier, ils se rendent dans la for\u00eat et invoquent les d\u00e9esses.<\/p>\n\n\n\n<p>Prim\u00e9 dans 5 festivals autour du monde.<\/p>\n\n\n\n<p>Disponible en t\u00e9l\u00e9chargement sur <a href=\"https:\/\/jinklabcreation.com\/films\/\" target=\"_blank\" rel=\"noopener\">JinkLabCreation.com<\/a>&nbsp;et en location sur Muvi.com <em>(Anglais avec sous-titres anglais \/ Fran\u00e7ais avec sous-titres fran\u00e7ais)<\/em><\/p>\n<\/div><\/div>\n\n\n<style>.wp-block-kadence-advancedheading.kt-adv-heading10569_e9c9af-a2, .wp-block-kadence-advancedheading.kt-adv-heading10569_e9c9af-a2[data-kb-block=\"kb-adv-heading10569_e9c9af-a2\"]{font-size:var(--global-kb-font-size-md, 1.25rem);font-style:normal;}.wp-block-kadence-advancedheading.kt-adv-heading10569_e9c9af-a2 mark.kt-highlight, .wp-block-kadence-advancedheading.kt-adv-heading10569_e9c9af-a2[data-kb-block=\"kb-adv-heading10569_e9c9af-a2\"] mark.kt-highlight{font-style:normal;color:#f76a0c;-webkit-box-decoration-break:clone;box-decoration-break:clone;padding-top:0px;padding-right:0px;padding-bottom:0px;padding-left:0px;}.wp-block-kadence-advancedheading.kt-adv-heading10569_e9c9af-a2 img.kb-inline-image, .wp-block-kadence-advancedheading.kt-adv-heading10569_e9c9af-a2[data-kb-block=\"kb-adv-heading10569_e9c9af-a2\"] img.kb-inline-image{width:150px;vertical-align:baseline;}<\/style>\n<h2 class=\"kt-adv-heading10569_e9c9af-a2 wp-block-kadence-advancedheading\" data-kb-block=\"kb-adv-heading10569_e9c9af-a2\"><strong>KINK BASICS<\/strong>&nbsp;<em>(S\u00e9rie de vid\u00e9os \u00e9ducatives en fran\u00e7ais \u2014 2025\u2013en cours)<\/em><\/h2>\n\n\n\n<p>Con\u00e7ue pour rendre l&rsquo;\u00e9ducation au BDSM en fran\u00e7ais accessible \u00e0 un public au-del\u00e0 de Paris,&nbsp;<em>Kink Basics<\/em>&nbsp;est une s\u00e9rie de courtes vid\u00e9os \u00e9ducatives abordant les fondements du kink : communication, s\u00e9curit\u00e9, rapports de force et consentement. D\u00e9but 2026, quatre \u00e9pisodes sont disponibles :<\/p>\n\n\n\n<ul class=\"wp-block-list\">\n<li>Kink Basics #1 \u2014 Jeux d&rsquo;impact<\/li>\n\n\n\n<li>Kink Basics #2 \u2014 Objets du quotidien<\/li>\n\n\n\n<li>Kink Basics #3 \u2014 Bondage avec des foulards et des ceintures<\/li>\n\n\n\n<li>Kink Basics #4 \u2014 Les jeux de r\u00f4le<\/li>\n\n\n\n<li>Kink Basics #5 \u2014 Les b\u00e2illons (\u00e0 venir) <\/li>\n<\/ul>\n\n\n\n<p>&lt;!&#8211; wp:columns &#8211;><br>&lt;div class=\u00a0\u00bbwp-block-columns\u00a0\u00bb>&lt;!&#8211; wp:column &#8211;><br>&lt;div class=\u00a0\u00bbwp-block-column\u00a0\u00bb>&lt;!&#8211; wp:media-text {\u00ab\u00a0mediaId\u00a0\u00bb:10696,\u00a0\u00bbmediaLink\u00a0\u00bb:\u00a0\u00bbhttps:\/\/inannajustice.com\/films\/teaser-kink-basic-1\/\u00a0\u00bb,\u00a0\u00bbmediaType\u00a0\u00bb:\u00a0\u00bbvideo\u00a0\u00bb} &#8211;><br>&lt;div class=\u00a0\u00bbwp-block-media-text is-stacked-on-mobile\u00a0\u00bb>&lt;figure class=\u00a0\u00bbwp-block-media-text__media\u00a0\u00bb>&lt;video controls src=\u00a0\u00bbhttps:\/\/inannajustice.com\/wp-content\/uploads\/2026\/04\/teaser-kink-basic-1.mp4&Prime;>&lt;\/video>&lt;\/figure>&lt;div class=\u00a0\u00bbwp-block-media-text__content\u00a0\u00bb>&lt;!&#8211; wp:paragraph {\u00ab\u00a0placeholder\u00a0\u00bb:\u00a0\u00bbContent\u2026\u00a0\u00bb} &#8211;><br>&lt;p>Kink Basics #1 \u2014 Les jeux d&rsquo;impact&lt;\/p><br>&lt;!&#8211; \/wp:paragraph &#8211;>&lt;\/div>&lt;\/div><br>&lt;!&#8211; \/wp:media-text &#8211;><br><br>&lt;!&#8211; wp:media-text {\u00ab\u00a0mediaId\u00a0\u00bb:10698,\u00a0\u00bbmediaLink\u00a0\u00bb:\u00a0\u00bbhttps:\/\/inannajustice.com\/films\/teaser-kink-basic-2\/\u00a0\u00bb,\u00a0\u00bbmediaType\u00a0\u00bb:\u00a0\u00bbvideo\u00a0\u00bb} &#8211;><br>&lt;div class=\u00a0\u00bbwp-block-media-text is-stacked-on-mobile\u00a0\u00bb>&lt;figure class=\u00a0\u00bbwp-block-media-text__media\u00a0\u00bb>&lt;video controls src=\u00a0\u00bbhttps:\/\/inannajustice.com\/wp-content\/uploads\/2026\/04\/teaser-kink-basic-2.mp4&Prime;>&lt;\/video>&lt;\/figure>&lt;div class=\u00a0\u00bbwp-block-media-text__content\u00a0\u00bb>&lt;!&#8211; wp:paragraph {\u00ab\u00a0placeholder\u00a0\u00bb:\u00a0\u00bbContent\u2026\u00a0\u00bb} &#8211;><br>&lt;p>Kink Basics #2 \u2014 Les objets du quotidien&lt;\/p><br>&lt;!&#8211; \/wp:paragraph &#8211;>&lt;\/div>&lt;\/div><br>&lt;!&#8211; \/wp:media-text &#8211;><br><br>&lt;!&#8211; wp:media-text {\u00ab\u00a0mediaType\u00a0\u00bb:\u00a0\u00bbvideo\u00a0\u00bb} &#8211;><br>&lt;div class=\u00a0\u00bbwp-block-media-text is-stacked-on-mobile\u00a0\u00bb>&lt;figure class=\u00a0\u00bbwp-block-media-text__media\u00a0\u00bb>&lt;video controls src=\u00a0\u00bbblob:https:\/\/inannajustice.com\/0229ee21-829d-434a-af45-d99bd197279e\u00a0\u00bb>&lt;\/video>&lt;\/figure>&lt;div class=\u00a0\u00bbwp-block-media-text__content\u00a0\u00bb>&lt;!&#8211; wp:paragraph {\u00ab\u00a0placeholder\u00a0\u00bb:\u00a0\u00bbContent\u2026\u00a0\u00bb} &#8211;><br>&lt;p>Kink Basics #3 \u2014 Bondage avec des foulards et des ceintures&lt;\/p><br>&lt;!&#8211; \/wp:paragraph &#8211;>&lt;\/div>&lt;\/div><br>&lt;!&#8211; \/wp:media-text &#8211;><br><br>&lt;!&#8211; wp:media-text {\u00ab\u00a0mediaType\u00a0\u00bb:\u00a0\u00bbvideo\u00a0\u00bb} &#8211;><br>&lt;div class=\u00a0\u00bbwp-block-media-text is-stacked-on-mobile\u00a0\u00bb>&lt;figure class=\u00a0\u00bbwp-block-media-text__media\u00a0\u00bb>&lt;video controls src=\u00a0\u00bbblob:https:\/\/inannajustice.com\/1adf46ac-a5a6-4430-8f0a-92cd08f6eafb\u00a0\u00bb>&lt;\/video>&lt;\/figure>&lt;div class=\u00a0\u00bbwp-block-media-text__content\u00a0\u00bb>&lt;!&#8211; wp:paragraph {\u00ab\u00a0placeholder\u00a0\u00bb:\u00a0\u00bbContent\u2026\u00a0\u00bb} &#8211;><br>&lt;p>Kink Basics #4 \u2014 Les jeux de r\u00f4le&lt;\/p><br>&lt;!&#8211; \/wp:paragraph &#8211;>&lt;\/div>&lt;\/div><br>&lt;!&#8211; \/wp:media-text &#8211;>&lt;\/div><br>&lt;!&#8211; \/wp:column &#8211;>&lt;\/div><br>&lt;!&#8211; \/wp:columns &#8211;>Disponible sur <a href=\"https:\/\/www.loyalfans.com\/store?search=kink%20basics\" target=\"_blank\" rel=\"noopener\">LoyalFans<\/a> et <a href=\"https:\/\/www.clips4sale.com\/studio\/432785\/inannajustice\/Cat0-AllCategories\/Page1\/C4SSort-recommended\/Limit24\/search\/kink%20basics\" target=\"_blank\" rel=\"noopener\">Clips4Sale<\/a>.<\/p>\n","protected":false},"excerpt":{"rendered":"<p>Au-del\u00e0 de son activit\u00e9 de dominatrice professionnelle, Inanna Justice est une r\u00e9alisatrice et cr\u00e9atrice de vid\u00e9os dont les \u0153uvres explorent la culture BDSM, la communaut\u00e9 et la sensibilisation \u00e0 ce sujet. Ses productions vont du long m\u00e9trage documentaire aux courts m\u00e9trages, en passant par une s\u00e9rie \u00e9ducative en fran\u00e7ais actuellement en cours de r\u00e9alisation (Kink&#8230;<\/p>","protected":false},"author":2,"featured_media":10574,"parent":0,"menu_order":0,"comment_status":"closed","ping_status":"closed","template":"","meta":{"_kadence_starter_templates_imported_post":false,"_kad_post_transparent":"","_kad_post_title":"","_kad_post_layout":"default","_kad_post_sidebar_id":"","_kad_post_content_style":"","_kad_post_vertical_padding":"","_kad_post_feature":"","_kad_post_feature_position":"","_kad_post_header":false,"_kad_post_footer":false,"_kad_post_classname":"","footnotes":""},"class_list":["post-10569","page","type-page","status-publish","has-post-thumbnail","hentry"],"_links":{"self":[{"href":"https:\/\/inannajustice.com\/en\/wp-json\/wp\/v2\/pages\/10569","targetHints":{"allow":["GET"]}}],"collection":[{"href":"https:\/\/inannajustice.com\/en\/wp-json\/wp\/v2\/pages"}],"about":[{"href":"https:\/\/inannajustice.com\/en\/wp-json\/wp\/v2\/types\/page"}],"author":[{"embeddable":true,"href":"https:\/\/inannajustice.com\/en\/wp-json\/wp\/v2\/users\/2"}],"replies":[{"embeddable":true,"href":"https:\/\/inannajustice.com\/en\/wp-json\/wp\/v2\/comments?post=10569"}],"version-history":[{"count":16,"href":"https:\/\/inannajustice.com\/en\/wp-json\/wp\/v2\/pages\/10569\/revisions"}],"predecessor-version":[{"id":10700,"href":"https:\/\/inannajustice.com\/en\/wp-json\/wp\/v2\/pages\/10569\/revisions\/10700"}],"wp:featuredmedia":[{"embeddable":true,"href":"https:\/\/inannajustice.com\/en\/wp-json\/wp\/v2\/media\/10574"}],"wp:attachment":[{"href":"https:\/\/inannajustice.com\/en\/wp-json\/wp\/v2\/media?parent=10569"}],"curies":[{"name":"wp","href":"https:\/\/api.w.org\/{rel}","templated":true}]}}