{"id":10492,"date":"2026-01-04T19:03:17","date_gmt":"2026-01-04T18:03:17","guid":{"rendered":"https:\/\/inannajustice.com\/?page_id=10492"},"modified":"2026-04-19T07:21:17","modified_gmt":"2026-04-19T05:21:17","slug":"mes-liens","status":"publish","type":"page","link":"https:\/\/inannajustice.com\/en\/mes-liens\/","title":{"rendered":"My links"},"content":{"rendered":"<p><a href=\"https:\/\/www.loyalfans.com\/inannajustice\" target=\"_blank\" rel=\"noreferrer noopener\"><strong>LoyalFans<\/strong><\/a><br>A more intimate space for exclusive content, in-depth discussions and my videos. Follow me for free. <\/p>\n\n\n\n<p><a href=\"https:\/\/www.clips4sale.com\/studio\/432785\/inannajustice\" target=\"_blank\" rel=\"noopener\"><strong>My clips - C4S<\/strong><\/a><br>Session videos, POVs and more.<br><br><a href=\"https:\/\/t.me\/+TaSBXLm_AZ5hYTQ0\" target=\"_blank\" rel=\"noreferrer noopener\"><strong>My Telegram<\/strong><\/a><br>The channel where it all begins: thoughts, announcements and a few glimpses behind the scenes.<\/p>\n\n\n\n<p><a href=\"https:\/\/jinklabcreation.com\" target=\"_blank\" rel=\"noreferrer noopener\"><strong>JinkLab Creation<\/strong><\/a><br>Films that explore power, consent and human bonds.<\/p>\n\n\n\n<p><a href=\"https:\/\/throne.com\/inanna_justice\" target=\"_blank\" rel=\"noreferrer noopener\"><strong>Throne gifts\u00a0<\/strong><\/a><br>A wish list for those who like to offer attentive - and sometimes mischievous - support.<\/p>\n\n\n\n<p><a href=\"https:\/\/kinkysaloonfrance.com\" data-type=\"link\" data-id=\"https:\/\/kinkysaloonfrance.com\" target=\"_blank\" rel=\"noopener\"><strong>My association <\/strong><\/a><br>A carefully designed cultural space for discussions, workshops and events around kink and creativity.<\/p>\n\n\n\n<p><strong><a href=\"https:\/\/minordomes.com\/en\/butt-lers-a-bdsm-artistic-journey\/\" target=\"_blank\" rel=\"noreferrer noopener\">Butt-ler<\/a>\u00a0(aka Minordomes)<\/strong><br>An art project. Come and discover the Queendom...<\/p>\n\n\n\n<p><a href=\"https:\/\/heartofthedominatrix.com\/\" target=\"_blank\" rel=\"noreferrer noopener\"><strong>Buy my book<\/strong><\/a><br>A written exploration of authority, intimacy and what goes on deep inside.<\/p>\n\n\n\n<p><a href=\"https:\/\/fetlife.com\/InannaJustice\" target=\"_blank\" rel=\"noopener\">FetLife<\/a><\/p>\n\n\n\n<p><a href=\"https:\/\/twitter.com\/InannaJustice\" target=\"_blank\" rel=\"noreferrer noopener\">Twitter<\/a><br><br><a href=\"https:\/\/www.instagram.com\/inannajustice\/\" target=\"_blank\" rel=\"noopener\">Instagram<\/a><br><br><a href=\"https:\/\/bsky.app\/profile\/inannajustice.bsky.social\" target=\"_blank\" rel=\"noopener\">Bluesky <\/a><a href=\"https:\/\/www.instagram.com\/justiceroom_paris\/\" target=\"_blank\" rel=\"noreferrer noopener\"><\/a><\/p>\n\n\n\n<p><a href=\"https:\/\/francefemdom.com\/\" target=\"_blank\" rel=\"noreferrer noopener\">France FemDom Event<\/a><\/p>\n\n\n\n<p><\/p>","protected":false},"excerpt":{"rendered":"<p>LoyalFansUn espace plus intime pour du contenu exclusif, des \u00e9changes approfondis et mes vid\u00e9os. Suivez-moi gratuitement. Mes clips &#8211; C4SVid\u00e9os de s\u00e9ances, POV et bien d&rsquo;autres. My TelegramLe canal o\u00f9 tout commence : r\u00e9flexions, annonces et quelques aper\u00e7us en coulisses. JinkLab CreationDes films qui explorent le pouvoir, le consentement et les liens humains. Throne gifts\u00a0Une&#8230;<\/p>","protected":false},"author":2,"featured_media":0,"parent":0,"menu_order":0,"comment_status":"closed","ping_status":"closed","template":"","meta":{"_kadence_starter_templates_imported_post":false,"_kad_post_transparent":"","_kad_post_title":"","_kad_post_layout":"","_kad_post_sidebar_id":"","_kad_post_content_style":"","_kad_post_vertical_padding":"","_kad_post_feature":"","_kad_post_feature_position":"","_kad_post_header":false,"_kad_post_footer":false,"_kad_post_classname":"","footnotes":""},"class_list":["post-10492","page","type-page","status-publish","hentry"],"_links":{"self":[{"href":"https:\/\/inannajustice.com\/en\/wp-json\/wp\/v2\/pages\/10492","targetHints":{"allow":["GET"]}}],"collection":[{"href":"https:\/\/inannajustice.com\/en\/wp-json\/wp\/v2\/pages"}],"about":[{"href":"https:\/\/inannajustice.com\/en\/wp-json\/wp\/v2\/types\/page"}],"author":[{"embeddable":true,"href":"https:\/\/inannajustice.com\/en\/wp-json\/wp\/v2\/users\/2"}],"replies":[{"embeddable":true,"href":"https:\/\/inannajustice.com\/en\/wp-json\/wp\/v2\/comments?post=10492"}],"version-history":[{"count":6,"href":"https:\/\/inannajustice.com\/en\/wp-json\/wp\/v2\/pages\/10492\/revisions"}],"predecessor-version":[{"id":10693,"href":"https:\/\/inannajustice.com\/en\/wp-json\/wp\/v2\/pages\/10492\/revisions\/10693"}],"wp:attachment":[{"href":"https:\/\/inannajustice.com\/en\/wp-json\/wp\/v2\/media?parent=10492"}],"curies":[{"name":"wp","href":"https:\/\/api.w.org\/{rel}","templated":true}]}}