{"id":10061,"date":"2024-09-19T09:19:58","date_gmt":"2024-09-19T07:19:58","guid":{"rendered":"https:\/\/inannajustice.com\/?page_id=10061"},"modified":"2026-04-13T14:40:23","modified_gmt":"2026-04-13T12:40:23","slug":"coaching-bdsm","status":"publish","type":"page","link":"https:\/\/inannajustice.com\/en\/coaching-bdsm\/","title":{"rendered":"BDSM Coaching"},"content":{"rendered":"\n<h2 class=\"wp-block-heading\"><strong>\u00cates-vous curieux au sujet de votre sexualit\u00e9 ?<\/strong><\/h2>\n\n\n\n<p>Les questions sur la sexualit\u00e9 ne sont pas seulement courantes ; elles sont essentielles \u00e0 l&rsquo;\u00e9panouissement personnel et \u00e0 la compr\u00e9hension de soi. De nombreuses personnes sont aux prises avec leurs kinks ou leurs fantasmes, mais peuvent trouver difficile d&rsquo;exprimer ou d&rsquo;explorer ces sentiments. Que vous vous interrogiez sur vos int\u00e9r\u00eats ou que vous cherchiez \u00e0 mieux comprendre la dynamique du BDSM, vous n&rsquo;\u00eates pas seul\u00b7e. Le monde du kink et du BDSM peut sembler intimidant, mais avec les bons conseils et les bonnes ressources, vous pouvez vous lancer dans un voyage enrichissant \u00e0 la d\u00e9couverte de vous-m\u00eame.<br><br>Il est important de comprendre que l&rsquo;exploration de votre sexualit\u00e9 ne se limite pas \u00e0 comprendre vos pr\u00e9f\u00e9rences, mais plut\u00f4t \u00e0 int\u00e9grer votre personnalit\u00e9. Chaque question que vous posez peut vous conduire \u00e0 de nouvelles perspectives, en vous aidant \u00e0 d\u00e9m\u00ealer les fils du d\u00e9sir qui n&rsquo;ont peut-\u00eatre pas \u00e9t\u00e9 enti\u00e8rement explor\u00e9s. De plus, le fait de trouver un\u00b7e guide exp\u00e9riment\u00e9 &#8211; quelqu&rsquo;un qui poss\u00e8de une vaste connaissance du BDSM &#8211; peut acc\u00e9l\u00e9rer votre cheminement, en vous fournissant \u00e0 la fois les outils et la confiance dont vous avez besoin pour naviguer dans vos d\u00e9sirs en toute s\u00e9curit\u00e9 et de mani\u00e8re consensuelle.<\/p>\n\n\n<style>.wp-block-kadence-advancedheading.kt-adv-heading10061_107188-41, .wp-block-kadence-advancedheading.kt-adv-heading10061_107188-41[data-kb-block=\"kb-adv-heading10061_107188-41\"]{font-style:normal;}.wp-block-kadence-advancedheading.kt-adv-heading10061_107188-41 mark.kt-highlight, .wp-block-kadence-advancedheading.kt-adv-heading10061_107188-41[data-kb-block=\"kb-adv-heading10061_107188-41\"] mark.kt-highlight{font-style:normal;color:#f76a0c;-webkit-box-decoration-break:clone;box-decoration-break:clone;padding-top:0px;padding-right:0px;padding-bottom:0px;padding-left:0px;}.wp-block-kadence-advancedheading.kt-adv-heading10061_107188-41 img.kb-inline-image, .wp-block-kadence-advancedheading.kt-adv-heading10061_107188-41[data-kb-block=\"kb-adv-heading10061_107188-41\"] img.kb-inline-image{width:150px;vertical-align:baseline;}<\/style>\n<h2 class=\"kt-adv-heading10061_107188-41 wp-block-kadence-advancedheading\" data-kb-block=\"kb-adv-heading10061_107188-41\"><strong>La valeur des conseils d&rsquo;un expert en mati\u00e8re de BDSM <\/strong><\/h2>\n\n\n<style>.wp-block-kadence-advancedheading.kt-adv-heading10061_35b52e-96, .wp-block-kadence-advancedheading.kt-adv-heading10061_35b52e-96[data-kb-block=\"kb-adv-heading10061_35b52e-96\"]{font-style:normal;}.wp-block-kadence-advancedheading.kt-adv-heading10061_35b52e-96 mark.kt-highlight, .wp-block-kadence-advancedheading.kt-adv-heading10061_35b52e-96[data-kb-block=\"kb-adv-heading10061_35b52e-96\"] mark.kt-highlight{font-style:normal;color:#f76a0c;-webkit-box-decoration-break:clone;box-decoration-break:clone;padding-top:0px;padding-right:0px;padding-bottom:0px;padding-left:0px;}.wp-block-kadence-advancedheading.kt-adv-heading10061_35b52e-96 img.kb-inline-image, .wp-block-kadence-advancedheading.kt-adv-heading10061_35b52e-96[data-kb-block=\"kb-adv-heading10061_35b52e-96\"] img.kb-inline-image{width:150px;vertical-align:baseline;}<\/style>\n<p class=\"kt-adv-heading10061_35b52e-96 wp-block-kadence-advancedheading\" data-kb-block=\"kb-adv-heading10061_35b52e-96\">Avec plus de quinze ans d&rsquo;exp\u00e9rience dans la sc\u00e8ne kink et plus de huit ans en tant que Dominatrice professionnelle, j&rsquo;ai cultiv\u00e9 une base solide pour vous aider \u00e0 am\u00e9liorer vos comp\u00e9tences et votre confiance. Le coaching BDSM ne consiste pas seulement \u00e0 enseigner des techniques ; il s&rsquo;agit de cr\u00e9er un environnement favorable o\u00f9 vous pouvez poser des questions et recevoir des commentaires honn\u00eates. De nombreux\u00b7ses venu\u00b7es se sentent intimid\u00e9\u00b7es par l&rsquo;immensit\u00e9 de la communaut\u00e9 BDSM, et c&rsquo;est tout \u00e0 fait compr\u00e9hensible. Les conseils d&rsquo;un expert peuvent d\u00e9mystifier le processus, le rendre accessible et agr\u00e9able.<br>Par l&rsquo;interm\u00e9diaire de mon association \u00e0 but non lucratif (<a href=\"https:\/\/kinkysaloonfrance.com\" target=\"_blank\" rel=\"noopener\">Kinky Saloon France<\/a>), j&rsquo;organise des \u00e9v\u00e9nements et des ateliers destin\u00e9s \u00e0 des personnes de tous niveaux. Ces rencontres favorisent la cr\u00e9ation d&rsquo;une communaut\u00e9, permettant le partage d&rsquo;exp\u00e9riences et des discussions ouvertes sur les d\u00e9sirs, les limites et la s\u00e9curit\u00e9. Des \u00e9v\u00e9nements adapt\u00e9s \u00e0 diff\u00e9rents sujets &#8211; des sessions d&rsquo;introduction aux comp\u00e9tences avanc\u00e9es &#8211; garantissent qu&rsquo;il y en a pour tous les go\u00fbts. Ces plateformes permettent non seulement d&rsquo;acqu\u00e9rir des connaissances pr\u00e9cieuses, mais aussi de cr\u00e9er un sentiment d&rsquo;appartenance qui est souvent crucial pour l&rsquo;exploration du monde kink.<\/p>\n\n\n<style>.wp-block-kadence-advancedheading.kt-adv-heading10061_caa4e9-0b, .wp-block-kadence-advancedheading.kt-adv-heading10061_caa4e9-0b[data-kb-block=\"kb-adv-heading10061_caa4e9-0b\"]{font-style:normal;}.wp-block-kadence-advancedheading.kt-adv-heading10061_caa4e9-0b mark.kt-highlight, .wp-block-kadence-advancedheading.kt-adv-heading10061_caa4e9-0b[data-kb-block=\"kb-adv-heading10061_caa4e9-0b\"] mark.kt-highlight{font-style:normal;color:#f76a0c;-webkit-box-decoration-break:clone;box-decoration-break:clone;padding-top:0px;padding-right:0px;padding-bottom:0px;padding-left:0px;}.wp-block-kadence-advancedheading.kt-adv-heading10061_caa4e9-0b img.kb-inline-image, .wp-block-kadence-advancedheading.kt-adv-heading10061_caa4e9-0b[data-kb-block=\"kb-adv-heading10061_caa4e9-0b\"] img.kb-inline-image{width:150px;vertical-align:baseline;}<\/style>\n<h2 class=\"kt-adv-heading10061_caa4e9-0b wp-block-kadence-advancedheading\" data-kb-block=\"kb-adv-heading10061_caa4e9-0b\"><strong>Apprentissage tout au long de la vie et croissance continu<\/strong>e<\/h2>\n\n\n\n<p>Le voyage dans le BDSM est en constante \u00e9volution, et c&rsquo;est pourquoi je m&rsquo;engage \u00e0 apprendre tout au long de ma vie. En 2023, j&rsquo;ai suivi une formation de sexoth\u00e9rapeute, ce qui m&rsquo;a permis d&rsquo;approfondir ma compr\u00e9hension de la sexualit\u00e9 et des relations afin de mieux servir les personnes \u00e0 la recherche d&rsquo;un coaching BDSM. En am\u00e9liorant continuellement mes connaissances, je peux offrir une perspective plus riche et mieux inform\u00e9e aux personnes avec lesquelles je travaille.<br><br>Cette ann\u00e9e, je me lance \u00e9galement dans une formation \u00e0 l&rsquo;hypnose afin d&rsquo;approfondir ma compr\u00e9hension des \u00e9tats modifi\u00e9s de conscience ressentis lors des jeux kink, tels que le subspace, le topspace et la chute \u00e9motionnelle (subdrop, Dommedrop) apr\u00e8s une s\u00e9ance. Ces exp\u00e9riences peuvent \u00eatre exaltantes mais aussi d\u00e9sorientantes si elles ne sont pas v\u00e9cues correctement. En acqu\u00e9rant des comp\u00e9tences dans ce domaine, je vise \u00e0 vous donner les moyens de reconna\u00eetre et de g\u00e9rer ces \u00e9tats, d&rsquo;am\u00e9liorer la qualit\u00e9 de votre vie et d&rsquo;am\u00e9liorer votre bien-\u00eatre. <br><br>En fin de compte, que vous cherchiez \u00e0 affiner des comp\u00e9tences existantes ou \u00e0 explorer de nouveaux domaines, ma passion pour le partage des connaissances me pousse \u00e0 cultiver un espace o\u00f9 l&rsquo;apprentissage et la croissance vont de pair. Ensemble, nous nous embarquerons dans un voyage pour devenir le ou la kinkster que vous aspirez \u00e0 \u00eatre, en embrassant vos d\u00e9sirs avec confiance et authenticit\u00e9.<\/p>\n\n\n<style>.wp-block-kadence-advancedheading.kt-adv-heading10061_e6aefe-3c, .wp-block-kadence-advancedheading.kt-adv-heading10061_e6aefe-3c[data-kb-block=\"kb-adv-heading10061_e6aefe-3c\"]{font-style:normal;}.wp-block-kadence-advancedheading.kt-adv-heading10061_e6aefe-3c mark.kt-highlight, .wp-block-kadence-advancedheading.kt-adv-heading10061_e6aefe-3c[data-kb-block=\"kb-adv-heading10061_e6aefe-3c\"] mark.kt-highlight{font-style:normal;color:#f76a0c;-webkit-box-decoration-break:clone;box-decoration-break:clone;padding-top:0px;padding-right:0px;padding-bottom:0px;padding-left:0px;}.wp-block-kadence-advancedheading.kt-adv-heading10061_e6aefe-3c img.kb-inline-image, .wp-block-kadence-advancedheading.kt-adv-heading10061_e6aefe-3c[data-kb-block=\"kb-adv-heading10061_e6aefe-3c\"] img.kb-inline-image{width:150px;vertical-align:baseline;}<\/style>\n<h2 class=\"kt-adv-heading10061_e6aefe-3c wp-block-kadence-advancedheading\" data-kb-block=\"kb-adv-heading10061_e6aefe-3c\">Bien entendu, chaque s\u00e9ance de coaching est bas\u00e9e sur vos besoins pr\u00e9cis. Voici une grille tarifaire :<\/h2>\n\n\n<style>.wp-block-kadence-advancedheading.kt-adv-heading10061_51b56a-9d, .wp-block-kadence-advancedheading.kt-adv-heading10061_51b56a-9d[data-kb-block=\"kb-adv-heading10061_51b56a-9d\"]{font-style:normal;}.wp-block-kadence-advancedheading.kt-adv-heading10061_51b56a-9d mark.kt-highlight, .wp-block-kadence-advancedheading.kt-adv-heading10061_51b56a-9d[data-kb-block=\"kb-adv-heading10061_51b56a-9d\"] mark.kt-highlight{font-style:normal;color:#f76a0c;-webkit-box-decoration-break:clone;box-decoration-break:clone;padding-top:0px;padding-right:0px;padding-bottom:0px;padding-left:0px;}.wp-block-kadence-advancedheading.kt-adv-heading10061_51b56a-9d img.kb-inline-image, .wp-block-kadence-advancedheading.kt-adv-heading10061_51b56a-9d[data-kb-block=\"kb-adv-heading10061_51b56a-9d\"] img.kb-inline-image{width:150px;vertical-align:baseline;}<\/style>\n<h3 class=\"kt-adv-heading10061_51b56a-9d wp-block-kadence-advancedheading\" data-kb-block=\"kb-adv-heading10061_51b56a-9d\"><span style=\"text-decoration: underline;\"><strong>Session de coaching unique<\/strong><\/span><\/h3>\n\n\n\n<ul class=\"wp-block-list\">\n<li>200 \u20ac<\/li>\n\n\n\n<li>75 minutes par appel vid\u00e9o. Il est possible de faire cela en pr\u00e9sentielle sur certains cr\u00e9neaux.<\/li>\n\n\n\n<li>Pour les curieux-ses et celleux qui commencent \u00e0 explorer le monde du BDSM, ou pour qui veulent approfondir les d\u00e9tails des relations D\/s, chaque session est faite sur mesure pour vos besoins.<\/li>\n<\/ul>\n\n\n<style>.wp-block-kadence-advancedheading.kt-adv-heading10061_409848-71, .wp-block-kadence-advancedheading.kt-adv-heading10061_409848-71[data-kb-block=\"kb-adv-heading10061_409848-71\"]{font-style:normal;}.wp-block-kadence-advancedheading.kt-adv-heading10061_409848-71 mark.kt-highlight, .wp-block-kadence-advancedheading.kt-adv-heading10061_409848-71[data-kb-block=\"kb-adv-heading10061_409848-71\"] mark.kt-highlight{font-style:normal;color:#f76a0c;-webkit-box-decoration-break:clone;box-decoration-break:clone;padding-top:0px;padding-right:0px;padding-bottom:0px;padding-left:0px;}.wp-block-kadence-advancedheading.kt-adv-heading10061_409848-71 img.kb-inline-image, .wp-block-kadence-advancedheading.kt-adv-heading10061_409848-71[data-kb-block=\"kb-adv-heading10061_409848-71\"] img.kb-inline-image{width:150px;vertical-align:baseline;}<\/style>\n<h3 class=\"kt-adv-heading10061_409848-71 wp-block-kadence-advancedheading\" data-kb-block=\"kb-adv-heading10061_409848-71\"><strong><span style=\"text-decoration: underline;\">D\u00e9finissez votre style<\/span><\/strong><\/h3>\n\n\n\n<ul class=\"wp-block-list\">\n<li>500 \u20ac<\/li>\n\n\n\n<li>Une s\u00e9ance vid\u00e9o de 30 minutes, deux heures dans mon donjon.<\/li>\n\n\n\n<li>Avez-vous des questions sur la fa\u00e7on de vous positionner dans votre (vos) relation(s) D\/s ? Vous avez des difficult\u00e9s \u00e0 identifier vos besoins ou ceux de votre (vos) partenaire(s) ? Vous voulez am\u00e9liorer vos comp\u00e9tences en mati\u00e8re de communication ? Ces sessions peuvent vous aider \u00e0 d\u00e9velopper des strat\u00e9gies qui vous aideront \u00e0 devenir le Dom\u00b7me ou le sub que vous voulez \u00eatre.<\/li>\n<\/ul>\n\n\n<style>.wp-block-kadence-advancedheading.kt-adv-heading10061_84927f-4b, .wp-block-kadence-advancedheading.kt-adv-heading10061_84927f-4b[data-kb-block=\"kb-adv-heading10061_84927f-4b\"]{font-style:normal;}.wp-block-kadence-advancedheading.kt-adv-heading10061_84927f-4b mark.kt-highlight, .wp-block-kadence-advancedheading.kt-adv-heading10061_84927f-4b[data-kb-block=\"kb-adv-heading10061_84927f-4b\"] mark.kt-highlight{font-style:normal;color:#f76a0c;-webkit-box-decoration-break:clone;box-decoration-break:clone;padding-top:0px;padding-right:0px;padding-bottom:0px;padding-left:0px;}.wp-block-kadence-advancedheading.kt-adv-heading10061_84927f-4b img.kb-inline-image, .wp-block-kadence-advancedheading.kt-adv-heading10061_84927f-4b[data-kb-block=\"kb-adv-heading10061_84927f-4b\"] img.kb-inline-image{width:150px;vertical-align:baseline;}<\/style>\n<h3 class=\"kt-adv-heading10061_84927f-4b wp-block-kadence-advancedheading\" data-kb-block=\"kb-adv-heading10061_84927f-4b\"><strong><span style=\"text-decoration: underline;\">Formation en comp\u00e9tences concr\u00e8tes pour les tops<\/span><\/strong><\/h3>\n\n\n\n<ul class=\"wp-block-list\">\n<li>\u00c0 partir de 200 \u20ac<\/li>\n\n\n\n<li>1+ heure dans mon donjon, <a href=\"https:\/\/inannajustice.com\/the-justice-room\/\">The Justice Room<\/a><\/li>\n\n\n\n<li>Coaching bas\u00e9 sur la pratique d&rsquo;un outil sp\u00e9cifique (cravache, fouet, bondage, privation sensorielle, etc.). Nous prendrons le temps de discuter de la s\u00e9curit\u00e9, ainsi que de la m\u00e9canique de l&rsquo;outil avant d&rsquo;apprendre\/perfectionner vos comp\u00e9tences.<\/li>\n<\/ul>\n\n\n<style>.wp-block-kadence-advancedheading.kt-adv-heading10061_3e8ee3-ef, .wp-block-kadence-advancedheading.kt-adv-heading10061_3e8ee3-ef[data-kb-block=\"kb-adv-heading10061_3e8ee3-ef\"]{font-style:normal;}.wp-block-kadence-advancedheading.kt-adv-heading10061_3e8ee3-ef mark.kt-highlight, .wp-block-kadence-advancedheading.kt-adv-heading10061_3e8ee3-ef[data-kb-block=\"kb-adv-heading10061_3e8ee3-ef\"] mark.kt-highlight{font-style:normal;color:#f76a0c;-webkit-box-decoration-break:clone;box-decoration-break:clone;padding-top:0px;padding-right:0px;padding-bottom:0px;padding-left:0px;}.wp-block-kadence-advancedheading.kt-adv-heading10061_3e8ee3-ef img.kb-inline-image, .wp-block-kadence-advancedheading.kt-adv-heading10061_3e8ee3-ef[data-kb-block=\"kb-adv-heading10061_3e8ee3-ef\"] img.kb-inline-image{width:150px;vertical-align:baseline;}<\/style>\n<h3 class=\"kt-adv-heading10061_3e8ee3-ef wp-block-kadence-advancedheading\" data-kb-block=\"kb-adv-heading10061_3e8ee3-ef\"><strong><span style=\"text-decoration: underline;\">Coaching \u00e0 moyen ou long terme<\/span><\/strong><\/h3>\n\n\n\n<ul class=\"wp-block-list\">\n<li>\u00c0 partir de 600 \u20ac<\/li>\n\n\n\n<li>Dur\u00e9e \u00e0 d\u00e9finir ensemble (minimum 4 heures en format combin\u00e9 &#8211; visio et pr\u00e9sentiel)<\/li>\n\n\n\n<li>Nous planifierons un court appel vid\u00e9o pour d\u00e9terminer vos besoins et voir si nous sommes compatibles, une \u00e9tape importante dans toute relation ! Ce format est adapt\u00e9 \u00e0 votre niveau et \u00e0 vos besoins et peut vous aider \u00e0 d\u00e9velopper votre sagesse BDSM et \u00e0 cr\u00e9er des relations joyeuses avec votre\/vos partenaire(s). Trouvez votre inspiration et vivez votre meilleure vie kinky !<\/li>\n<\/ul>\n\n\n\n<div class=\"wp-block-buttons is-layout-flex wp-block-buttons-is-layout-flex\">\n<div class=\"wp-block-button\"><a class=\"wp-block-button__link wp-element-button\" href=\"https:\/\/inannajustice.com\/contact-fr\/\">Contactez-moi<\/a><\/div>\n<\/div>\n\n\n\n<figure class=\"wp-block-image size-large\"><img decoding=\"async\" width=\"682\" height=\"1024\" data-src=\"https:\/\/inannajustice.com\/wp-content\/uploads\/2021\/10\/IMG_0788-682x1024.webp\" alt=\"Inanna Justice propose des s\u00e9ances de coaching BDSM \u00e0 Paris \" class=\"wp-image-9748 lazyload\" data-srcset=\"https:\/\/inannajustice.com\/wp-content\/uploads\/2021\/10\/IMG_0788-682x1024.webp 682w, https:\/\/inannajustice.com\/wp-content\/uploads\/2021\/10\/IMG_0788-200x300.webp 200w, https:\/\/inannajustice.com\/wp-content\/uploads\/2021\/10\/IMG_0788-768x1152.webp 768w, https:\/\/inannajustice.com\/wp-content\/uploads\/2021\/10\/IMG_0788-1024x1536.webp 1024w, https:\/\/inannajustice.com\/wp-content\/uploads\/2021\/10\/IMG_0788-8x12.webp 8w, https:\/\/inannajustice.com\/wp-content\/uploads\/2021\/10\/IMG_0788.webp 1333w\" data-sizes=\"(max-width: 682px) 100vw, 682px\" src=\"data:image\/svg+xml;base64,PHN2ZyB3aWR0aD0iMSIgaGVpZ2h0PSIxIiB4bWxucz0iaHR0cDovL3d3dy53My5vcmcvMjAwMC9zdmciPjwvc3ZnPg==\" style=\"--smush-placeholder-width: 682px; --smush-placeholder-aspect-ratio: 682\/1024;\" \/><\/figure>\n","protected":false},"excerpt":{"rendered":"<p>Are you curious about your sexuality? Questions about sexuality aren't just commonplace; they're essential to personal growth and self-understanding. Many people struggle with their kinks or fantasies, but may find it difficult to express or explore these feelings. Whether you...<\/p>","protected":false},"author":2,"featured_media":8534,"parent":0,"menu_order":0,"comment_status":"closed","ping_status":"closed","template":"","meta":{"_kadence_starter_templates_imported_post":false,"_kad_post_transparent":"","_kad_post_title":"","_kad_post_layout":"","_kad_post_sidebar_id":"","_kad_post_content_style":"","_kad_post_vertical_padding":"","_kad_post_feature":"","_kad_post_feature_position":"","_kad_post_header":false,"_kad_post_footer":false,"_kad_post_classname":"","footnotes":""},"class_list":["post-10061","page","type-page","status-publish","has-post-thumbnail","hentry"],"_links":{"self":[{"href":"https:\/\/inannajustice.com\/en\/wp-json\/wp\/v2\/pages\/10061","targetHints":{"allow":["GET"]}}],"collection":[{"href":"https:\/\/inannajustice.com\/en\/wp-json\/wp\/v2\/pages"}],"about":[{"href":"https:\/\/inannajustice.com\/en\/wp-json\/wp\/v2\/types\/page"}],"author":[{"embeddable":true,"href":"https:\/\/inannajustice.com\/en\/wp-json\/wp\/v2\/users\/2"}],"replies":[{"embeddable":true,"href":"https:\/\/inannajustice.com\/en\/wp-json\/wp\/v2\/comments?post=10061"}],"version-history":[{"count":15,"href":"https:\/\/inannajustice.com\/en\/wp-json\/wp\/v2\/pages\/10061\/revisions"}],"predecessor-version":[{"id":10676,"href":"https:\/\/inannajustice.com\/en\/wp-json\/wp\/v2\/pages\/10061\/revisions\/10676"}],"wp:featuredmedia":[{"embeddable":true,"href":"https:\/\/inannajustice.com\/en\/wp-json\/wp\/v2\/media\/8534"}],"wp:attachment":[{"href":"https:\/\/inannajustice.com\/en\/wp-json\/wp\/v2\/media?parent=10061"}],"curies":[{"name":"wp","href":"https:\/\/api.w.org\/{rel}","templated":true}]}}